{"id":3887,"date":"2021-03-18T08:34:25","date_gmt":"2021-03-18T07:34:25","guid":{"rendered":"http:\/\/hsd.development.mwl4.pl\/sssiiicccooodev2022\/?page_id=3887"},"modified":"2023-06-07T18:15:00","modified_gmt":"2023-06-07T16:15:00","slug":"millenium-leasing","status":"publish","type":"page","link":"http:\/\/hsd.development.mwl4.pl\/sssiiicccooodev2022\/finansowanie-maszyn\/millenium-leasing\/","title":{"rendered":"Millenium Leasing"},"content":{"rendered":"<h2>Leasing Mimaki w Millenium Leasing<\/h2>\n<h3>&#8222;Oszcz\u0119dzaj! We\u017a leasing i dzia\u0142aj szybciej!&#8221;<\/h3>\n<h6><strong>SICO Polska poleca finansowanie na partnerskich zasadach z Millenium Leasing<\/strong><\/h6>\n<p>Na partnera finansowego wybrali\u015bmy Bank Millenium, kt\u00f3rego reputacja, stabilno\u015b\u0107, preferencyjne warunki oraz profesjonalna i nowoczesna obs\u0142uga sprawia, \u017ce wpisuje si\u0119 w standardy jako\u015bci jakie chcemy oferowa\u0107 naszym klientom.<\/p>\n<p>Leasing stanowi jedno z najpopularniejszych \u017ar\u00f3de\u0142 finansowania na naszym rynku. T\u0119 form\u0119 wybieraj\u0105 osoby prowadz\u0105ce dzia\u0142alno\u015bci jednoosobowe jak i du\u017ce przedsi\u0119biorstwa.<br \/>\nLeasing nie wymaga od przedsi\u0119biorc\u00f3w zaanga\u017cowania \u015brodk\u00f3w w\u0142asnych.<\/p>\n<p>Leasing daje mo\u017cliwo\u015b\u0107 szybkiego rozwoju swojej dzia\u0142alno\u015bci na maszynach firmy. Nasze maszyny posiadaj\u0105 innowacyjne technologie, dzi\u0119ki kt\u00f3rym proces jest szybszy i dok\u0142adniejszy, natomiast zastosowane materia\u0142y s\u0105 najwy\u017cszej jako\u015bci \u2013 co pozwoli na u\u017cytkowanie ich wiele lat. Wszystko to jest w zasi\u0119gu Twojej firmy.<\/p>\n<p><strong>Czym jest leasing maszyn?<\/strong><\/p>\n<p>Leasing &#8211; to umowa dwustronna, zawierana pomi\u0119dzy leasingobiorc\u0105, a leasingodawc\u0105 w kt\u00f3rej firma leasingowa przekazuje leasingobiorcy prawo do u\u017cytkowania przedmiotu umowy na okre\u015blony czas. W zamian zobowi\u0105zuje ona klienta do op\u0142acania co miesi\u0105c raty leasingowej.<br \/>\nIstot\u0105 leasingu jest to, \u017ce kupuj\u0105cy uiszczaj\u0105c nisk\u0105 wp\u0142at\u0119 b\u0105d\u017a w niekt\u00f3rych przypadkach w og\u00f3le jej nie uiszczaj\u0105c, mo\u017ce ju\u017c na maszynie zarabia\u0107. Cytuj\u0105c swoich klient\u00f3w:\u00a0<strong>\u201emaszyna sama pracuje na rat\u0119 leasingow\u0105\u201d<\/strong>.<\/p>\n<p>Od dawna przedsi\u0119biorcy wiedz\u0105, \u017ce leasing to \u0142atwa procedura \u201ezakupu\u201d. Ka\u017cda op\u0142ata jest kosztem przedsi\u0119biorcy, dzi\u0119ki czemu klient ma korzy\u015bci pod wzgl\u0119dem podatkowym.<\/p>\n<p>Sico Polska nawi\u0105za\u0142a wsp\u00f3\u0142prac\u0119 z Millenium Leasing, aby ustala\u0107 warunki umowy leasingu adekwatne do specyfiki dzia\u0142alno\u015bci danego przedsi\u0119biorstwa, odpowiadaj\u0105c tym samym na jego potrzeby i zapewniaj\u0105c\u00a0<strong>szybki i prosty leasing.<\/strong><\/p>\n<p>Dlatego te\u017c, jeste\u015bmy w stanie sprosta\u0107 Pa\u0144stwa oczekiwaniom. Z decyzji, kt\u00f3r\u0105 podj\u0119li\u015bmy odno\u015bnie wsp\u00f3\u0142pracy z Millenium Leasing, korzy\u015bci p\u0142yn\u0105 zar\u00f3wno w stron\u0119 nowych klient\u00f3w, jak r\u00f3wnie\u017c do tych, z kt\u00f3rymi wsp\u00f3\u0142pracujemy od wielu lat, tj. wielokrotnie wracaj\u0105cych po kolejne drukarki Mimaki, MS czy kalandry Monti Antonio.<\/p>\n<p>Oczywi\u015bcie najwi\u0119ksz\u0105 korzy\u015b\u0107 otrzyma z podpisania umowy przedsi\u0119biorca. Dlaczego?<strong style=\"font-style: inherit;\">\u00a0Poni\u017cej sprawd\u017amy jakie s\u0105 korzy\u015bci z leasingu!<\/strong><\/p>\n<p><strong>Zalety leasingu maszyn<\/strong><\/p>\n<p>Najwa\u017cniejsz\u0105 zalet\u0105 tej formy finansowania s\u0105 korzy\u015bci podatkowe, poniewa\u017c\u00a0<strong style=\"font-style: inherit;\">pozwala ona na zmniejszenie podstawy opodatkowania<\/strong>. Konkretnie m\u00f3wi\u0105c, je\u015bli wybierzemy najpopularniejszy na ten moment leasing operacyjny &#8211; odliczymy wszelkie koszty z tytu\u0142u tej formy finansowania. Dodatkow\u0105 korzy\u015b\u0107 jak\u0105 otrzymuje przedsi\u0119biorca jest mo\u017cliwo\u015b\u0107 odliczenia podatku VAT.<\/p>\n<p>W obecnych czasach m\u0142ode firmy, posiadaj\u0105ce kilkumiesi\u0119czne do\u015bwiadczenie, nie s\u0105 wiarygodnymi klientami dla bank\u00f3w. Leasing jest wi\u0119c bardzo dobrym rozwi\u0105zaniem\u00a0<strong style=\"font-style: inherit;\">dla tych, kt\u00f3rzy z uwagi na brak zdolno\u015bci kredytowej, otrzymywali dotychczas negatywn\u0105 decyzj\u0119.<\/strong><\/p>\n<p><strong>Jak oszcz\u0119dza\u0107 przy zakupie maszyn?<\/strong><\/p>\n<p><strong>Sico Polska we wsp\u00f3\u0142pracy z Millenium Leasing<\/strong>\u00a0<strong style=\"font-style: inherit;\">dopilnuje ca\u0142ego procesu leasingowego<\/strong>. Bior\u0105c pod uwag\u0119 oczekiwania klient\u00f3w, mo\u017cemy zaproponowa\u0107 r\u00f3\u017cnej d\u0142ugo\u015bci okres sp\u0142aty czy wp\u0142aty pocz\u0105tkowej. Nasi doradcy przygotuj\u0105 oferty skrojone na miar\u0119 ka\u017cdego przedsi\u0119biorstwa i zgodn\u0105 z Pa\u0144stwa oczekiwaniami.<\/p>\n<p>Wychodz\u0105 naprzeciw obecnej sytuacji zwi\u0105zanej z COVID-19 \u2013\u00a0<strong style=\"font-style: inherit;\">pracujemy online dlatego jeste\u015bmy zawsze do Pa\u0144stwa dyspozycji<\/strong>, umo\u017cliwia to swobodne przygotowanie oferty czy e-podpis umowy leasingowej, dzi\u0119ki kt\u00f3rej\u00a0 klient dodatkowo zaoszcz\u0119dza czas i pieni\u0105dze.\u00a0 A w przypadku wizyty osobistej w naszej siedzibie &#8211; ustalamy szczeg\u00f3\u0142y spotkania, zachowuj\u0105c odpowiednie warunki sanitarne.<\/p>\n<p><strong>Kompleksowa oferta<\/strong><\/p>\n<p>W swojej ofercie posiadamy drukarki Mimaki, MS, kalandry Monti Antonio. Sico Polska posiada\u00a0<a style=\"font-style: inherit; font-weight: inherit;\" href=\"https:\/\/mimakipolska.pl\/index\/serwis\/\"><strong style=\"font-style: inherit;\">w\u0142asny Serwis<\/strong><\/a>, kt\u00f3ry jest gotowy do pracy w przypadku jakichkolwiek awarii. Dzi\u0119ki temu jeste\u015bmy firm\u0105, kt\u00f3ra dostarcza kompleksow\u0105 ofert\u0119 \u00a0dla Twojego przedsi\u0119biorstwa.<\/p>\n<p>Zapewniamy kompleksowe rozwi\u0105zania oraz media z zakresu druku cyfrowego.<\/p>\n<p><strong style=\"font-style: inherit;\">Jeste\u015bmy z Wami od 2000r<\/strong>, to dzi\u0119ki Wam funkcjonujemy i to dla Was si\u0119 rozwijamy.<\/p>\n<p><strong>Dlaczego warto? Poznaj korzy\u015bci!<\/strong><\/p>\n<p><strong>\u00a0<\/strong>LEASING MASZYN MIMAKI Z MILLENIUM LEASING PO PROSTU SI\u0118 OP\u0141ACA:<\/p>\n<ul>\n<li>Zachowanie pe\u0142nej p\u0142ynno\u015bci finansowej przedsi\u0119biorcy, niski wk\u0142ad pocz\u0105tkowy.<\/li>\n<li>Korzy\u015bci podatkowe \u2013 dwa razy szybszy czas amortyzacji ni\u017c w przypadku zakupu za got\u00f3wk\u0119.<\/li>\n<li>Pierwsza wp\u0142ata od 0% do 45%.<\/li>\n<li>Czas sp\u0142aty od 3 do 7 lat.<\/li>\n<li>Niska rata dostosowana do klienta i jego potrzeb.<\/li>\n<li>Procedura uproszczona, niewielka ilo\u015b\u0107 dokument\u00f3w w por\u00f3wnaniu do kredytu.<\/li>\n<li>Maszyna jest w stanie sama zarabia\u0107 na rat\u0119 leasingow\u0105 przy usprawnieniu produkcji.<\/li>\n<li>Oszcz\u0119dno\u015b\u0107 czasu, formalno\u015bci mo\u017cna za\u0142atwi\u0107 dos\u0142ownie w jeden dzie\u0144.<\/li>\n<li>Zmniejszenie podstawy opodatkowania.<\/li>\n<li>Nie obni\u017ca zdolno\u015bci kredytowej przedsi\u0119biorstwa.<\/li>\n<li>Chroni przed komornikiem.<\/li>\n<li>Profesjonalna obs\u0142uga.<\/li>\n<\/ul>\n<p><strong>ZAPRASZAMY DO KONTAKTU!<\/strong><\/p>\n<h6>Specjalista ds. Koordynacji i Wsparcia Dzia\u0142u Druku Cyfrowego<\/h6>\n<h3 style=\"font-style: inherit;\">KAROLINA BYLI\u0143SKA<\/h3>\n<h6 style=\"font-style: inherit;\"><span style=\"font-style: inherit; font-weight: inherit;\">Kontakt bezpo\u015bredni<\/span><\/h6>\n<p style=\"font-style: inherit; font-weight: inherit;\">mob. (+48) 664 730 800<\/p>\n<p style=\"font-style: inherit; font-weight: inherit;\">e-mail:\u00a0<a style=\"font-style: inherit; font-weight: inherit;\" href=\"mailto:k.bylinska@sico.pl\">k.bylinska@sico.pl<\/a><\/p>\n","protected":false},"excerpt":{"rendered":"<p>Leasing Mimaki w Millenium Leasing &#8222;Oszcz\u0119dzaj! We\u017a leasing i dzia\u0142aj szybciej!&#8221; SICO Polska poleca finansowanie na partnerskich zasadach z Millenium Leasing Na partnera finansowego wybrali\u015bmy Bank Millenium, kt\u00f3rego reputacja, stabilno\u015b\u0107, preferencyjne warunki oraz profesjonalna i nowoczesna obs\u0142uga sprawia, \u017ce wpisuje si\u0119 w standardy jako\u015bci jakie chcemy oferowa\u0107 naszym klientom. Leasing stanowi jedno z najpopularniejszych \u017ar\u00f3de\u0142&#8230;  <a class=\"excerpt-read-more\" href=\"http:\/\/hsd.development.mwl4.pl\/sssiiicccooodev2022\/finansowanie-maszyn\/millenium-leasing\/\" title=\"Read Millenium Leasing\">Read more &raquo;<\/a><\/p>\n","protected":false},"author":7,"featured_media":3888,"parent":3884,"menu_order":0,"comment_status":"closed","ping_status":"closed","template":"template-parts\/page-prosta-strona.php","meta":{"footnotes":""},"typx":[170],"class_list":["post-3887","page","type-page","status-publish","has-post-thumbnail","hentry","typx-prosta"],"acf":[],"_links":{"self":[{"href":"http:\/\/hsd.development.mwl4.pl\/sssiiicccooodev2022\/wp-json\/wp\/v2\/pages\/3887","targetHints":{"allow":["GET"]}}],"collection":[{"href":"http:\/\/hsd.development.mwl4.pl\/sssiiicccooodev2022\/wp-json\/wp\/v2\/pages"}],"about":[{"href":"http:\/\/hsd.development.mwl4.pl\/sssiiicccooodev2022\/wp-json\/wp\/v2\/types\/page"}],"author":[{"embeddable":true,"href":"http:\/\/hsd.development.mwl4.pl\/sssiiicccooodev2022\/wp-json\/wp\/v2\/users\/7"}],"replies":[{"embeddable":true,"href":"http:\/\/hsd.development.mwl4.pl\/sssiiicccooodev2022\/wp-json\/wp\/v2\/comments?post=3887"}],"version-history":[{"count":5,"href":"http:\/\/hsd.development.mwl4.pl\/sssiiicccooodev2022\/wp-json\/wp\/v2\/pages\/3887\/revisions"}],"predecessor-version":[{"id":9014,"href":"http:\/\/hsd.development.mwl4.pl\/sssiiicccooodev2022\/wp-json\/wp\/v2\/pages\/3887\/revisions\/9014"}],"up":[{"embeddable":true,"href":"http:\/\/hsd.development.mwl4.pl\/sssiiicccooodev2022\/wp-json\/wp\/v2\/pages\/3884"}],"wp:featuredmedia":[{"embeddable":true,"href":"http:\/\/hsd.development.mwl4.pl\/sssiiicccooodev2022\/wp-json\/wp\/v2\/media\/3888"}],"wp:attachment":[{"href":"http:\/\/hsd.development.mwl4.pl\/sssiiicccooodev2022\/wp-json\/wp\/v2\/media?parent=3887"}],"wp:term":[{"taxonomy":"typx","embeddable":true,"href":"http:\/\/hsd.development.mwl4.pl\/sssiiicccooodev2022\/wp-json\/wp\/v2\/typx?post=3887"}],"curies":[{"name":"wp","href":"https:\/\/api.w.org\/{rel}","templated":true}]}}